{"id":72,"date":"2020-11-25T16:12:49","date_gmt":"2020-11-25T15:12:49","guid":{"rendered":"http:\/\/beta.studiopioupiou.com\/?page_id=72"},"modified":"2021-07-01T18:14:02","modified_gmt":"2021-07-01T16:14:02","slug":"bio","status":"publish","type":"page","link":"https:\/\/www.studiopioupiou.com\/index.php\/bio\/","title":{"rendered":"Bio"},"content":{"rendered":"\t\t<div data-elementor-type=\"wp-page\" data-elementor-id=\"72\" class=\"elementor elementor-72\" data-elementor-post-type=\"page\">\n\t\t\t\t\t\t<section class=\"elementor-section elementor-top-section elementor-element elementor-element-262e33e5 elementor-section-height-min-height elementor-section-boxed elementor-section-height-default elementor-section-items-middle\" data-id=\"262e33e5\" data-element_type=\"section\">\n\t\t\t\t\t\t<div class=\"elementor-container elementor-column-gap-default\">\n\t\t\t\t\t<div class=\"elementor-column elementor-col-100 elementor-top-column elementor-element elementor-element-5ce43160\" data-id=\"5ce43160\" data-element_type=\"column\">\n\t\t\t<div class=\"elementor-widget-wrap elementor-element-populated\">\n\t\t\t\t\t\t<div class=\"elementor-element elementor-element-c839a3f elementor-widget elementor-widget-spacer\" data-id=\"c839a3f\" data-element_type=\"widget\" data-widget_type=\"spacer.default\">\n\t\t\t\t<div class=\"elementor-widget-container\">\n\t\t\t\t\t\t\t<div class=\"elementor-spacer\">\n\t\t\t<div class=\"elementor-spacer-inner\"><\/div>\n\t\t<\/div>\n\t\t\t\t\t\t<\/div>\n\t\t\t\t<\/div>\n\t\t\t\t\t<\/div>\n\t\t<\/div>\n\t\t\t\t\t<\/div>\n\t\t<\/section>\n\t\t\t\t<section class=\"elementor-section elementor-top-section elementor-element elementor-element-46a31101 elementor-section-boxed elementor-section-height-default elementor-section-height-default\" data-id=\"46a31101\" data-element_type=\"section\">\n\t\t\t\t\t\t<div class=\"elementor-container elementor-column-gap-default\">\n\t\t\t\t\t<div class=\"elementor-column elementor-col-100 elementor-top-column elementor-element elementor-element-4c39a04f\" data-id=\"4c39a04f\" data-element_type=\"column\">\n\t\t\t<div class=\"elementor-widget-wrap elementor-element-populated\">\n\t\t\t\t\t\t<div class=\"elementor-element elementor-element-30c89ab elementor-widget elementor-widget-heading\" data-id=\"30c89ab\" data-element_type=\"widget\" data-widget_type=\"heading.default\">\n\t\t\t\t<div class=\"elementor-widget-container\">\n\t\t\t\t\t<h1 class=\"elementor-heading-title elementor-size-default\">Il \u00e9tait une fois, Piou Piou...<\/h1>\t\t\t\t<\/div>\n\t\t\t\t<\/div>\n\t\t\t\t<div class=\"elementor-element elementor-element-56731b69 elementor-widget elementor-widget-spacer\" data-id=\"56731b69\" data-element_type=\"widget\" data-widget_type=\"spacer.default\">\n\t\t\t\t<div class=\"elementor-widget-container\">\n\t\t\t\t\t\t\t<div class=\"elementor-spacer\">\n\t\t\t<div class=\"elementor-spacer-inner\"><\/div>\n\t\t<\/div>\n\t\t\t\t\t\t<\/div>\n\t\t\t\t<\/div>\n\t\t\t\t\t<\/div>\n\t\t<\/div>\n\t\t\t\t\t<\/div>\n\t\t<\/section>\n\t\t\t\t<section class=\"elementor-section elementor-top-section elementor-element elementor-element-26adc3a0 elementor-section-boxed elementor-section-height-default elementor-section-height-default\" data-id=\"26adc3a0\" data-element_type=\"section\">\n\t\t\t\t\t\t<div class=\"elementor-container elementor-column-gap-default\">\n\t\t\t\t\t<div class=\"elementor-column elementor-col-50 elementor-top-column elementor-element elementor-element-7682e59a\" data-id=\"7682e59a\" data-element_type=\"column\">\n\t\t\t<div class=\"elementor-widget-wrap elementor-element-populated\">\n\t\t\t\t\t\t<div class=\"elementor-element elementor-element-25bb3d30 elementor-invisible elementor-widget elementor-widget-image\" data-id=\"25bb3d30\" data-element_type=\"widget\" data-settings=\"{&quot;_animation&quot;:&quot;bounceInLeft&quot;}\" data-widget_type=\"image.default\">\n\t\t\t\t<div class=\"elementor-widget-container\">\n\t\t\t\t\t\t\t\t\t\t\t\t\t\t\t<img decoding=\"async\" src=\"https:\/\/www.studiopioupiou.com\/wp-content\/uploads\/elementor\/thumbs\/Macao_36-phjyuipfka63bfg61almw49gcqrymd0jxfrlbofzce.jpg\" title=\"Macao a un sacr\u00e9 coup de crayon !\" alt=\"Mon carnet d&#039;aventures de Saint-Pierre et Miquelon\" loading=\"lazy\" \/>\t\t\t\t\t\t\t\t\t\t\t\t\t\t\t<\/div>\n\t\t\t\t<\/div>\n\t\t\t\t\t<\/div>\n\t\t<\/div>\n\t\t\t\t<div class=\"elementor-column elementor-col-50 elementor-top-column elementor-element elementor-element-7552b129\" data-id=\"7552b129\" data-element_type=\"column\">\n\t\t\t<div class=\"elementor-widget-wrap elementor-element-populated\">\n\t\t\t\t\t\t<div class=\"elementor-element elementor-element-53c042fa elementor-invisible elementor-widget elementor-widget-text-editor\" data-id=\"53c042fa\" data-element_type=\"widget\" data-settings=\"{&quot;_animation&quot;:&quot;bounceInRight&quot;}\" data-widget_type=\"text-editor.default\">\n\t\t\t\t<div class=\"elementor-widget-container\">\n\t\t\t\t\t\t\t\t\t<div class=\"bi6gxh9e\">C&rsquo;est l&rsquo;histoire d&rsquo;un petit poussin qui dessinait, dessinait, et dessinait toute la journ\u00e9e.<\/div><div>\u00a0<\/div><div>\u00c0 peine sorti de sa coquille, on le trouvait d\u00e9j\u00e0 un crayon au bec.<\/div><div class=\"bi6gxh9e\"><i>\u00a0<\/i><\/div><div><span class=\"d2edcug0 hpfvmrgz qv66sw1b c1et5uql lr9zc1uh jq4qci2q a3bd9o3v knj5qynh oo9gr5id\">Empruntant les chemins d\u2019une \u00e9cole d\u2019arts, il en ressortit avec son dipl\u00f4me d\u2019apprenti gribouilleur \u2026 et encore un crayon sous l\u2019aile.<\/span><\/div><div>\u00a0<\/div><div class=\"bi6gxh9e\"><span class=\"d2edcug0 hpfvmrgz qv66sw1b c1et5uql lr9zc1uh jq4qci2q a3bd9o3v knj5qynh oo9gr5id\">Le gros poussin avait toujours eu un faible pour lutins, dragons et autres petits monstres pas tr\u00e8s m\u00e9chants.<\/span><\/div><div class=\"bi6gxh9e\"><span class=\"d2edcug0 hpfvmrgz qv66sw1b c1et5uql lr9zc1uh jq4qci2q a3bd9o3v knj5qynh oo9gr5id\">Alors lorsqu\u2019il s\u2019\u00e9loignait un peu trop du sujet avec ses bestioles qui n\u2019existent pas, lui rab\u00e2chait-on sans cesse, il se faisait tapait sur les plumes.<\/span><\/div><div><i>\u00a0<\/i><\/div><div class=\"bi6gxh9e\"><span class=\"d2edcug0 hpfvmrgz qv66sw1b c1et5uql lr9zc1uh jq4qci2q a3bd9o3v knj5qynh oo9gr5id\">N\u2019\u00e9coutant que sa raison, il d\u00e9cida de sortir du nid, et pris son envol, \u00e0 la recherche de personnes qui voudraient bien croire ses histoires.<\/span><\/div><div class=\"bi6gxh9e\">\u00a0<\/div><div class=\"bi6gxh9e\"><em><strong><span class=\"d2edcug0 hpfvmrgz qv66sw1b c1et5uql lr9zc1uh jq4qci2q a3bd9o3v knj5qynh oo9gr5id\">On raconte qu\u2019aujourd\u2019hui, le poussin g\u00e9ant sillonne le royaume \u00e0 la rescousse de livres en qu\u00eate de retrouver des couleurs sur leurs pages tristement blanches.<\/span><\/strong><\/em><\/div>\t\t\t\t\t\t\t\t<\/div>\n\t\t\t\t<\/div>\n\t\t\t\t\t<\/div>\n\t\t<\/div>\n\t\t\t\t\t<\/div>\n\t\t<\/section>\n\t\t\t\t<\/div>\n\t\t","protected":false},"excerpt":{"rendered":"<p>Il \u00e9tait une fois, Piou Piou&#8230; C&rsquo;est l&rsquo;histoire d&rsquo;un petit poussin qui dessinait, dessinait, et dessinait toute la journ\u00e9e.\u00a0\u00c0 peine sorti de sa coquille, on le trouvait d\u00e9j\u00e0 un crayon au bec.\u00a0Empruntant les chemins d\u2019une \u00e9cole d\u2019arts, il en ressortit avec son dipl\u00f4me d\u2019apprenti gribouilleur \u2026 et encore un crayon sous l\u2019aile.\u00a0Le gros poussin avait &hellip; <\/p>\n<p class=\"link-more\"><a href=\"https:\/\/www.studiopioupiou.com\/index.php\/bio\/\" class=\"read-more\">Read More<span class=\"screen-reader-text\"> \u00ab\u00a0Bio\u00a0\u00bb<\/span><\/a><\/p>\n","protected":false},"author":1,"featured_media":0,"parent":0,"menu_order":1,"comment_status":"closed","ping_status":"closed","template":"","meta":{"footnotes":""},"class_list":["post-72","page","type-page","status-publish","hentry"],"_links":{"self":[{"href":"https:\/\/www.studiopioupiou.com\/index.php\/wp-json\/wp\/v2\/pages\/72","targetHints":{"allow":["GET"]}}],"collection":[{"href":"https:\/\/www.studiopioupiou.com\/index.php\/wp-json\/wp\/v2\/pages"}],"about":[{"href":"https:\/\/www.studiopioupiou.com\/index.php\/wp-json\/wp\/v2\/types\/page"}],"author":[{"embeddable":true,"href":"https:\/\/www.studiopioupiou.com\/index.php\/wp-json\/wp\/v2\/users\/1"}],"replies":[{"embeddable":true,"href":"https:\/\/www.studiopioupiou.com\/index.php\/wp-json\/wp\/v2\/comments?post=72"}],"version-history":[{"count":11,"href":"https:\/\/www.studiopioupiou.com\/index.php\/wp-json\/wp\/v2\/pages\/72\/revisions"}],"predecessor-version":[{"id":575,"href":"https:\/\/www.studiopioupiou.com\/index.php\/wp-json\/wp\/v2\/pages\/72\/revisions\/575"}],"wp:attachment":[{"href":"https:\/\/www.studiopioupiou.com\/index.php\/wp-json\/wp\/v2\/media?parent=72"}],"curies":[{"name":"wp","href":"https:\/\/api.w.org\/{rel}","templated":true}]}}